{"id":552,"date":"2025-03-08T11:33:12","date_gmt":"2025-03-08T10:33:12","guid":{"rendered":"https:\/\/jahelse.no\/?page_id=552"},"modified":"2025-03-08T11:33:38","modified_gmt":"2025-03-08T10:33:38","slug":"kostholdsveiledning","status":"publish","type":"page","link":"https:\/\/jahelse.no\/index.php\/kostholdsveiledning\/","title":{"rendered":"Kostholdsveiledning"},"content":{"rendered":"\t\t<div data-elementor-type=\"wp-page\" data-elementor-id=\"552\" class=\"elementor elementor-552\">\n\t\t\t\t\t\t<section class=\"elementor-section elementor-top-section elementor-element elementor-element-dddd123 elementor-section-full_width elementor-section-height-default elementor-section-height-default\" data-id=\"dddd123\" data-element_type=\"section\">\n\t\t\t\t\t\t<div class=\"elementor-container elementor-column-gap-default\">\n\t\t\t\t\t<div class=\"elementor-column elementor-col-100 elementor-top-column elementor-element elementor-element-128e3f7a\" data-id=\"128e3f7a\" data-element_type=\"column\">\n\t\t\t<div class=\"elementor-widget-wrap elementor-element-populated\">\n\t\t\t\t\t\t<div class=\"elementor-element elementor-element-3e1ae37a elementor-widget elementor-widget-heading\" data-id=\"3e1ae37a\" data-element_type=\"widget\" data-widget_type=\"heading.default\">\n\t\t\t\t<div class=\"elementor-widget-container\">\n\t\t\t\t\t<h1 class=\"elementor-heading-title elementor-size-default\">~ Kostholdsveiledning ~<\/h1>\t\t\t\t<\/div>\n\t\t\t\t<\/div>\n\t\t\t\t<div class=\"elementor-element elementor-element-e28a6ab elementor-widget elementor-widget-text-editor\" data-id=\"e28a6ab\" data-element_type=\"widget\" data-widget_type=\"text-editor.default\">\n\t\t\t\t<div class=\"elementor-widget-container\">\n\t\t\t\t\t\t\t\t\t<p>Her gir jeg r\u00e5d innenfor helserelaterte problemstillinger, brukes ogs\u00e5 ofte sammen med, coaching hvor jeg tar utgangspunkt i det st\u00e5stedet hvor du er.<\/p><p><a href=\"https:\/\/ja-helse.onlinebooq.net\/\" target=\"_blank\" rel=\"noopener\">Bestill en gratis 20 min konsultasjon p\u00e5 telefon for \u00e5 vurdere om jeg kan hjelpe deg med et helseproblem, en livsstilsendring eller forebygging av helserelaterte plager etc.\u00a0<\/a><\/p>\t\t\t\t\t\t\t\t<\/div>\n\t\t\t\t<\/div>\n\t\t\t\t<div class=\"elementor-element elementor-element-f86f78e elementor-widget elementor-widget-text-editor\" data-id=\"f86f78e\" data-element_type=\"widget\" data-widget_type=\"text-editor.default\">\n\t\t\t\t<div class=\"elementor-widget-container\">\n\t\t\t\t\t\t\t\t\t<p>Dette er ikke et tilbud som erstatter oppf\u00f8lging av fastlege og helsevesen.<\/p>\t\t\t\t\t\t\t\t<\/div>\n\t\t\t\t<\/div>\n\t\t\t\t\t<\/div>\n\t\t<\/div>\n\t\t\t\t\t<\/div>\n\t\t<\/section>\n\t\t\t\t<\/div>\n\t\t","protected":false},"excerpt":{"rendered":"<p>~ Kostholdsveiledning ~ Her gir jeg r\u00e5d innenfor helserelaterte problemstillinger, brukes ogs\u00e5 ofte sammen med, coaching hvor jeg tar utgangspunkt i det st\u00e5stedet hvor du er. Bestill en gratis 20 min konsultasjon p\u00e5 telefon for \u00e5 vurdere om jeg kan hjelpe deg med et helseproblem, en livsstilsendring eller forebygging av helserelaterte plager etc.\u00a0 Dette er [&hellip;]<\/p>\n","protected":false},"author":1,"featured_media":0,"parent":0,"menu_order":0,"comment_status":"closed","ping_status":"closed","template":"elementor_header_footer","meta":{"wprm-recipe-roundup-name":"","wprm-recipe-roundup-description":"","_themeisle_gutenberg_block_has_review":false,"iawp_total_views":64,"footnotes":""},"class_list":["post-552","page","type-page","status-publish","hentry"],"_links":{"self":[{"href":"https:\/\/jahelse.no\/index.php\/wp-json\/wp\/v2\/pages\/552","targetHints":{"allow":["GET"]}}],"collection":[{"href":"https:\/\/jahelse.no\/index.php\/wp-json\/wp\/v2\/pages"}],"about":[{"href":"https:\/\/jahelse.no\/index.php\/wp-json\/wp\/v2\/types\/page"}],"author":[{"embeddable":true,"href":"https:\/\/jahelse.no\/index.php\/wp-json\/wp\/v2\/users\/1"}],"replies":[{"embeddable":true,"href":"https:\/\/jahelse.no\/index.php\/wp-json\/wp\/v2\/comments?post=552"}],"version-history":[{"count":4,"href":"https:\/\/jahelse.no\/index.php\/wp-json\/wp\/v2\/pages\/552\/revisions"}],"predecessor-version":[{"id":557,"href":"https:\/\/jahelse.no\/index.php\/wp-json\/wp\/v2\/pages\/552\/revisions\/557"}],"wp:attachment":[{"href":"https:\/\/jahelse.no\/index.php\/wp-json\/wp\/v2\/media?parent=552"}],"curies":[{"name":"wp","href":"https:\/\/api.w.org\/{rel}","templated":true}]}}