{"id":82,"date":"2023-03-08T16:33:55","date_gmt":"2023-03-08T16:33:55","guid":{"rendered":"https:\/\/jahelse.no\/?page_id=82"},"modified":"2023-09-24T19:04:10","modified_gmt":"2023-09-24T17:04:10","slug":"harmineralanalyse","status":"publish","type":"page","link":"https:\/\/jahelse.no\/index.php\/harmineralanalyse\/","title":{"rendered":"H\u00e5rmineralanalyse"},"content":{"rendered":"\t\t<div data-elementor-type=\"wp-page\" data-elementor-id=\"82\" class=\"elementor elementor-82\">\n\t\t\t\t\t\t<section class=\"elementor-section elementor-top-section elementor-element elementor-element-dddd123 elementor-section-full_width elementor-section-height-default elementor-section-height-default\" data-id=\"dddd123\" data-element_type=\"section\">\n\t\t\t\t\t\t<div class=\"elementor-container elementor-column-gap-default\">\n\t\t\t\t\t<div class=\"elementor-column elementor-col-100 elementor-top-column elementor-element elementor-element-128e3f7a\" data-id=\"128e3f7a\" data-element_type=\"column\">\n\t\t\t<div class=\"elementor-widget-wrap elementor-element-populated\">\n\t\t\t\t\t\t<div class=\"elementor-element elementor-element-3e1ae37a elementor-widget elementor-widget-heading\" data-id=\"3e1ae37a\" data-element_type=\"widget\" data-widget_type=\"heading.default\">\n\t\t\t\t<div class=\"elementor-widget-container\">\n\t\t\t\t\t<h1 class=\"elementor-heading-title elementor-size-default\">~ H\u00e5rmineralanalyse ~<\/h1>\t\t\t\t<\/div>\n\t\t\t\t<\/div>\n\t\t\t\t<div class=\"elementor-element elementor-element-399e9b5 elementor-widget elementor-widget-text-editor\" data-id=\"399e9b5\" data-element_type=\"widget\" data-widget_type=\"text-editor.default\">\n\t\t\t\t<div class=\"elementor-widget-container\">\n\t\t\t\t\t\t\t\t\t<p>Mineraler er livsviktige for kroppen, men kroppen kan ikke lage disse selv, men f\u00e5 det tilf\u00f8rt via mat eller tilskudd. Hvilke kosthold vi har er av stor betydning for om vi tar opp tilstrekkelig med mineraler. En god mineralstatus er helt avgj\u00f8rende for en god helse.<\/p>\n<p>For \u00e5 optimalisere opptak av n\u00e6ringsstoffer er det viktig at det er balanse i kroppens mineraler. H\u00e5rmineralanalyse et nyttig kartleggingsverkt\u00f8y for \u00e5 m\u00e5le mineralstatus i kroppen. Dette kan v\u00e6re nyttig ved ulike plager eller ved forebygging av sykdom. Det er en enkel pr\u00f8ve og du f\u00e5r god veiledning og forslag til konkrete tiltak n\u00e5r ditt pr\u00f8vesvar foreligger. Pr\u00f8vene sendes til et statlig sertifisert laboratorium i USA.&nbsp;<\/p>\n<p><a href=\"https:\/\/ja-helse.onlinebooq.net\/\" target=\"_blank\" rel=\"noopener\">Bestill en gratis 20 min konsultasjon p\u00e5 telefon for \u00e5 vurdere om jeg kan hjelpe deg med et helseproblem, en livsstilsendring eller forebygging av helserelaterte plager etc.<\/a><\/p>\t\t\t\t\t\t\t\t<\/div>\n\t\t\t\t<\/div>\n\t\t\t\t<div class=\"elementor-element elementor-element-6467aeb elementor-widget elementor-widget-text-editor\" data-id=\"6467aeb\" data-element_type=\"widget\" data-widget_type=\"text-editor.default\">\n\t\t\t\t<div class=\"elementor-widget-container\">\n\t\t\t\t\t\t\t\t\t<p>Dette er ikke et tilbud som erstatter oppf\u00f8lging av fastlege og helsevesen.<\/p>\t\t\t\t\t\t\t\t<\/div>\n\t\t\t\t<\/div>\n\t\t\t\t\t<\/div>\n\t\t<\/div>\n\t\t\t\t\t<\/div>\n\t\t<\/section>\n\t\t\t\t<\/div>\n\t\t","protected":false},"excerpt":{"rendered":"<p>~ H\u00e5rmineralanalyse ~ Mineraler er livsviktige for kroppen, men kroppen kan ikke lage disse selv, men f\u00e5 det tilf\u00f8rt via mat eller tilskudd. Hvilke kosthold vi har er av stor betydning for om vi tar opp tilstrekkelig med mineraler. En god mineralstatus er helt avgj\u00f8rende for en god helse. For \u00e5 optimalisere opptak av n\u00e6ringsstoffer [&hellip;]<\/p>\n","protected":false},"author":1,"featured_media":0,"parent":0,"menu_order":0,"comment_status":"closed","ping_status":"closed","template":"elementor_header_footer","meta":{"wprm-recipe-roundup-name":"","wprm-recipe-roundup-description":"","_themeisle_gutenberg_block_has_review":false,"iawp_total_views":255,"footnotes":""},"class_list":["post-82","page","type-page","status-publish","hentry"],"_links":{"self":[{"href":"https:\/\/jahelse.no\/index.php\/wp-json\/wp\/v2\/pages\/82","targetHints":{"allow":["GET"]}}],"collection":[{"href":"https:\/\/jahelse.no\/index.php\/wp-json\/wp\/v2\/pages"}],"about":[{"href":"https:\/\/jahelse.no\/index.php\/wp-json\/wp\/v2\/types\/page"}],"author":[{"embeddable":true,"href":"https:\/\/jahelse.no\/index.php\/wp-json\/wp\/v2\/users\/1"}],"replies":[{"embeddable":true,"href":"https:\/\/jahelse.no\/index.php\/wp-json\/wp\/v2\/comments?post=82"}],"version-history":[{"count":22,"href":"https:\/\/jahelse.no\/index.php\/wp-json\/wp\/v2\/pages\/82\/revisions"}],"predecessor-version":[{"id":469,"href":"https:\/\/jahelse.no\/index.php\/wp-json\/wp\/v2\/pages\/82\/revisions\/469"}],"wp:attachment":[{"href":"https:\/\/jahelse.no\/index.php\/wp-json\/wp\/v2\/media?parent=82"}],"curies":[{"name":"wp","href":"https:\/\/api.w.org\/{rel}","templated":true}]}}